{"id":11,"date":"2015-03-17T08:38:36","date_gmt":"2015-03-17T08:38:36","guid":{"rendered":"https:\/\/www.campingprima.cz\/?page_id=11"},"modified":"2025-02-11T16:48:37","modified_gmt":"2025-02-11T16:48:37","slug":"sluzby","status":"publish","type":"page","link":"https:\/\/www.triocamp.cz\/de\/sluzby\/","title":{"rendered":"Service"},"content":{"rendered":"<p><\/p>\n<ul>\n<li>Kurzzeitparken f\u00fcr Wohnwagen und Wohnmobile \u2013 Stellplatz. Es ist m\u00f6glich, die chemische Toilette zu reinigen, Trinkwasser zu entnehmen, die Batterien aufzuladen und die Sanit\u00e4ranlagen des Campingplatzes zu nutzen. \u2013 <strong>Parken bei uns und Sie k\u00f6nnen im Zentrum schnell sein.<\/strong><\/li>\n<li>Duschen und Toiletten &#8211; mit hei\u00dfem Wasser rund um die Uhr KOSTENLOS<\/li>\n<li>Rezeption<\/li>\n<li>Minimarket &#8211; Geb\u00e4ck, Getr\u00e4nke, Eis und kleine Lebensmittel<\/li>\n<li>Food Truck &#8211; Snacks: Steaks, Salate, Pommes Frites, Burger, Hot Dogs, Eis, Limonade, Bier<\/li>\n<li>Schwimmbad 3x7m<\/li>\n<li>Trampoline<\/li>\n<\/ul>\n<p>&nbsp;<\/p>\n<ul>\n<li>\u00d6ffentliche Verkehrsmittel \u2013 einfacher und schneller Verkehr ins Zentrum (mit dem Bus und U Bahn 25 minuten, mit den Auto 10 minuten), Tickets kaufen Sie an der Rezeption<\/li>\n<\/ul>\n<p>\n\t\t<style type=\"text\/css\">\n\t\t\t#gallery-3 {\n\t\t\t\tmargin: auto;\n\t\t\t}\n\t\t\t#gallery-3 .gallery-item {\n\t\t\t\tfloat: left;\n\t\t\t\tmargin-top: 10px;\n\t\t\t\ttext-align: center;\n\t\t\t\twidth: 25%;\n\t\t\t}\n\t\t\t#gallery-3 img {\n\t\t\t\tborder: 2px solid #cfcfcf;\n\t\t\t}\n\t\t\t#gallery-3 .gallery-caption {\n\t\t\t\tmargin-left: 0;\n\t\t\t}\n\t\t\t\/* see gallery_shortcode() in wp-includes\/media.php *\/\n\t\t<\/style>\n\t\t<div id='gallery-3' class='gallery galleryid-11 gallery-columns-4 gallery-size-thumbnail'><dl class='gallery-item'>\n\t\t\t<dt class='gallery-icon landscape'>\n\t\t\t\t<a href='https:\/\/www.triocamp.cz\/wp-content\/uploads\/2021\/09\/1630574480168-01-scaled.jpeg'><img width=\"252\" height=\"252\" src=\"https:\/\/www.triocamp.cz\/wp-content\/uploads\/2021\/09\/1630574480168-01-252x252.jpeg\" class=\"attachment-thumbnail size-thumbnail\" alt=\"\" loading=\"lazy\" \/><\/a>\n\t\t\t<\/dt><\/dl><dl class='gallery-item'>\n\t\t\t<dt class='gallery-icon landscape'>\n\t\t\t\t<a href='https:\/\/www.triocamp.cz\/wp-content\/uploads\/2021\/09\/1630574522328-01-scaled.jpg'><img width=\"252\" height=\"252\" src=\"https:\/\/www.triocamp.cz\/wp-content\/uploads\/2021\/09\/1630574522328-01-252x252.jpg\" class=\"attachment-thumbnail size-thumbnail\" alt=\"\" loading=\"lazy\" \/><\/a>\n\t\t\t<\/dt><\/dl><dl class='gallery-item'>\n\t\t\t<dt class='gallery-icon landscape'>\n\t\t\t\t<a href='https:\/\/www.triocamp.cz\/wp-content\/uploads\/2020\/08\/DJI_0226-03-scaled.jpeg'><img width=\"252\" height=\"252\" src=\"https:\/\/www.triocamp.cz\/wp-content\/uploads\/2020\/08\/DJI_0226-03-252x252.jpeg\" class=\"attachment-thumbnail size-thumbnail\" alt=\"\" loading=\"lazy\" \/><\/a>\n\t\t\t<\/dt><\/dl><dl class='gallery-item'>\n\t\t\t<dt class='gallery-icon landscape'>\n\t\t\t\t<a href='https:\/\/www.triocamp.cz\/wp-content\/uploads\/2021\/09\/1630572385497-01-scaled.jpg'><img width=\"252\" height=\"252\" src=\"https:\/\/www.triocamp.cz\/wp-content\/uploads\/2021\/09\/1630572385497-01-252x252.jpg\" class=\"attachment-thumbnail size-thumbnail\" alt=\"\" loading=\"lazy\" \/><\/a>\n\t\t\t<\/dt><\/dl><br style=\"clear: both\" \/><dl class='gallery-item'>\n\t\t\t<dt class='gallery-icon landscape'>\n\t\t\t\t<a href='https:\/\/www.triocamp.cz\/wp-content\/uploads\/2020\/08\/IMG-20200811-WA0009-01.jpeg'><img width=\"252\" height=\"252\" src=\"https:\/\/www.triocamp.cz\/wp-content\/uploads\/2020\/08\/IMG-20200811-WA0009-01-252x252.jpeg\" class=\"attachment-thumbnail size-thumbnail\" alt=\"\" loading=\"lazy\" \/><\/a>\n\t\t\t<\/dt><\/dl><dl class='gallery-item'>\n\t\t\t<dt class='gallery-icon landscape'>\n\t\t\t\t<a href='https:\/\/www.triocamp.cz\/wp-content\/uploads\/2019\/03\/DJI_0677-01-scaled.jpeg'><img width=\"252\" height=\"252\" src=\"https:\/\/www.triocamp.cz\/wp-content\/uploads\/2019\/03\/DJI_0677-01-252x252.jpeg\" class=\"attachment-thumbnail size-thumbnail\" alt=\"\" loading=\"lazy\" \/><\/a>\n\t\t\t<\/dt><\/dl><dl class='gallery-item'>\n\t\t\t<dt class='gallery-icon portrait'>\n\t\t\t\t<a href='https:\/\/www.triocamp.cz\/wp-content\/uploads\/2019\/03\/DJI_0599-01-scaled.jpeg'><img width=\"252\" height=\"252\" src=\"https:\/\/www.triocamp.cz\/wp-content\/uploads\/2019\/03\/DJI_0599-01-252x252.jpeg\" class=\"attachment-thumbnail size-thumbnail\" alt=\"\" loading=\"lazy\" \/><\/a>\n\t\t\t<\/dt><\/dl><dl class='gallery-item'>\n\t\t\t<dt class='gallery-icon portrait'>\n\t\t\t\t<a href='https:\/\/www.triocamp.cz\/wp-content\/uploads\/2019\/03\/DJI_0592-02-scaled.jpeg'><img width=\"252\" height=\"252\" src=\"https:\/\/www.triocamp.cz\/wp-content\/uploads\/2019\/03\/DJI_0592-02-252x252.jpeg\" class=\"attachment-thumbnail size-thumbnail\" alt=\"\" loading=\"lazy\" \/><\/a>\n\t\t\t<\/dt><\/dl><br style=\"clear: both\" \/><dl class='gallery-item'>\n\t\t\t<dt class='gallery-icon landscape'>\n\t\t\t\t<a href='https:\/\/www.triocamp.cz\/wp-content\/uploads\/2019\/03\/DJI_0590-01-scaled.jpeg'><img width=\"252\" height=\"252\" src=\"https:\/\/www.triocamp.cz\/wp-content\/uploads\/2019\/03\/DJI_0590-01-252x252.jpeg\" class=\"attachment-thumbnail size-thumbnail\" alt=\"\" loading=\"lazy\" \/><\/a>\n\t\t\t<\/dt><\/dl><dl class='gallery-item'>\n\t\t\t<dt class='gallery-icon portrait'>\n\t\t\t\t<a href='https:\/\/www.triocamp.cz\/wp-content\/uploads\/2019\/03\/DJI_0598-01-scaled.jpeg'><img width=\"252\" height=\"252\" src=\"https:\/\/www.triocamp.cz\/wp-content\/uploads\/2019\/03\/DJI_0598-01-252x252.jpeg\" class=\"attachment-thumbnail size-thumbnail\" alt=\"\" loading=\"lazy\" \/><\/a>\n\t\t\t<\/dt><\/dl><dl class='gallery-item'>\n\t\t\t<dt class='gallery-icon landscape'>\n\t\t\t\t<a href='https:\/\/www.triocamp.cz\/wp-content\/uploads\/2019\/03\/DJI_0391-01-scaled.jpeg'><img width=\"252\" height=\"252\" src=\"https:\/\/www.triocamp.cz\/wp-content\/uploads\/2019\/03\/DJI_0391-01-252x252.jpeg\" class=\"attachment-thumbnail size-thumbnail\" alt=\"\" loading=\"lazy\" \/><\/a>\n\t\t\t<\/dt><\/dl><dl class='gallery-item'>\n\t\t\t<dt class='gallery-icon landscape'>\n\t\t\t\t<a href='https:\/\/www.triocamp.cz\/wp-content\/uploads\/2020\/08\/DJI_0260-01-scaled.jpeg'><img width=\"252\" height=\"252\" src=\"https:\/\/www.triocamp.cz\/wp-content\/uploads\/2020\/08\/DJI_0260-01-252x252.jpeg\" class=\"attachment-thumbnail size-thumbnail\" alt=\"\" loading=\"lazy\" \/><\/a>\n\t\t\t<\/dt><\/dl><br style=\"clear: both\" \/><dl class='gallery-item'>\n\t\t\t<dt class='gallery-icon landscape'>\n\t\t\t\t<a href='https:\/\/www.triocamp.cz\/wp-content\/uploads\/2020\/08\/DJI_0442-01-scaled.jpeg'><img width=\"252\" height=\"252\" src=\"https:\/\/www.triocamp.cz\/wp-content\/uploads\/2020\/08\/DJI_0442-01-252x252.jpeg\" class=\"attachment-thumbnail size-thumbnail\" alt=\"\" loading=\"lazy\" \/><\/a>\n\t\t\t<\/dt><\/dl><dl class='gallery-item'>\n\t\t\t<dt class='gallery-icon landscape'>\n\t\t\t\t<a href='https:\/\/www.triocamp.cz\/wp-content\/uploads\/2020\/08\/DSC_0990-scaled.jpg'><img width=\"252\" height=\"252\" src=\"https:\/\/www.triocamp.cz\/wp-content\/uploads\/2020\/08\/DSC_0990-252x252.jpg\" class=\"attachment-thumbnail size-thumbnail\" alt=\"\" loading=\"lazy\" \/><\/a>\n\t\t\t<\/dt><\/dl><dl class='gallery-item'>\n\t\t\t<dt class='gallery-icon landscape'>\n\t\t\t\t<a href='https:\/\/www.triocamp.cz\/wp-content\/uploads\/2020\/08\/DSC_0953-scaled.jpg'><img width=\"252\" height=\"252\" src=\"https:\/\/www.triocamp.cz\/wp-content\/uploads\/2020\/08\/DSC_0953-252x252.jpg\" class=\"attachment-thumbnail size-thumbnail\" alt=\"\" loading=\"lazy\" \/><\/a>\n\t\t\t<\/dt><\/dl>\n\t\t\t<br style='clear: both' \/>\n\t\t<\/div>\n<\/p>","protected":false},"excerpt":{"rendered":"<p>Kurzzeitparken f\u00fcr Wohnwagen und Wohnmobile \u2013 Stellplatz. Es ist m\u00f6glich, die chemische Toilette zu reinigen, Trinkwasser zu entnehmen, die Batterien aufzuladen und die Sanit\u00e4ranlagen des Campingplatzes zu nutzen. \u2013 Parken bei uns und Sie k\u00f6nnen im Zentrum schnell sein. Duschen und Toiletten &#8211; mit hei\u00dfem Wasser rund um die Uhr KOSTENLOS Rezeption Minimarket &#8211; Geb\u00e4ck, [&hellip;]<\/p>\n","protected":false},"author":1,"featured_media":1771,"parent":0,"menu_order":3,"comment_status":"closed","ping_status":"closed","template":"","meta":[],"_links":{"self":[{"href":"https:\/\/www.triocamp.cz\/de\/wp-json\/wp\/v2\/pages\/11"}],"collection":[{"href":"https:\/\/www.triocamp.cz\/de\/wp-json\/wp\/v2\/pages"}],"about":[{"href":"https:\/\/www.triocamp.cz\/de\/wp-json\/wp\/v2\/types\/page"}],"author":[{"embeddable":true,"href":"https:\/\/www.triocamp.cz\/de\/wp-json\/wp\/v2\/users\/1"}],"replies":[{"embeddable":true,"href":"https:\/\/www.triocamp.cz\/de\/wp-json\/wp\/v2\/comments?post=11"}],"version-history":[{"count":14,"href":"https:\/\/www.triocamp.cz\/de\/wp-json\/wp\/v2\/pages\/11\/revisions"}],"predecessor-version":[{"id":2009,"href":"https:\/\/www.triocamp.cz\/de\/wp-json\/wp\/v2\/pages\/11\/revisions\/2009"}],"wp:featuredmedia":[{"embeddable":true,"href":"https:\/\/www.triocamp.cz\/de\/wp-json\/wp\/v2\/media\/1771"}],"wp:attachment":[{"href":"https:\/\/www.triocamp.cz\/de\/wp-json\/wp\/v2\/media?parent=11"}],"curies":[{"name":"wp","href":"https:\/\/api.w.org\/{rel}","templated":true}]}}