{"id":1172,"date":"2019-03-07T12:32:33","date_gmt":"2019-03-07T12:32:33","guid":{"rendered":"https:\/\/www.triocamp.cz\/?page_id=1172"},"modified":"2024-04-28T21:01:37","modified_gmt":"2024-04-28T21:01:37","slug":"praha","status":"publish","type":"page","link":"https:\/\/www.triocamp.cz\/de\/uvodni-stranka\/praha\/","title":{"rendered":"Prag"},"content":{"rendered":"<p>Prag, die Hauptstadt der Tschechischen Republik, hat eine lange Geschichte und dank ihr k\u00f6nnen wir viele historische Monumente aus verschiedenen Epochen der Weltgeschichte finden. Damit ist es die 5. meistbesuchte europ\u00e4ische Stadt.<\/p>\n<p>Zu den interessantesten Sehensw\u00fcrdigkeiten z\u00e4hlen Prager Burg, Vy\u0161ehrad, Karlsbr\u00fccke, astronomische Uhr von Prag, der Altst\u00e4dter Ring, Nationaltheater und viele andere. Es bietet auch sch\u00f6ne Parks wie Stromovka oder den Berg Pet\u0159\u00edn mit seinem Aussichtsturm.<\/p>\n<p>Nat\u00fcrlich k\u00f6nnen Sie Ihre Freizeit in Prag auf anderen Wegen verbringen &#8211; in Schwimmb\u00e4dern, beim Sport, in Theatern oder auf Festivals sowie im Zoo in Prag, der von Tripadvisor Benutzer auf Platz 5 der besten Zoog\u00e4rten steht.<\/p>\n<p>Die Prag ist auch super f\u00fcr kaufen. Sie k\u00f6nnen hier viele Gesch\u00e4fte mit Kleidung, aber auch andere Sachen finden. Gesch\u00e4fte sind im Zentrum aber auch nicht wait von Camping. Bekannt ist zum Beispiel Pa\u0159\u00ed\u0161sk\u00e1 strasse mit Gesch\u00e4fte mit luxuri\u00f6s Waren.<\/p>\n<p>\n\t\t<style type=\"text\/css\">\n\t\t\t#gallery-3 {\n\t\t\t\tmargin: auto;\n\t\t\t}\n\t\t\t#gallery-3 .gallery-item {\n\t\t\t\tfloat: left;\n\t\t\t\tmargin-top: 10px;\n\t\t\t\ttext-align: center;\n\t\t\t\twidth: 25%;\n\t\t\t}\n\t\t\t#gallery-3 img {\n\t\t\t\tborder: 2px solid #cfcfcf;\n\t\t\t}\n\t\t\t#gallery-3 .gallery-caption {\n\t\t\t\tmargin-left: 0;\n\t\t\t}\n\t\t\t\/* see gallery_shortcode() in wp-includes\/media.php *\/\n\t\t<\/style>\n\t\t<div id='gallery-3' class='gallery galleryid-1172 gallery-columns-4 gallery-size-thumbnail'><dl class='gallery-item'>\n\t\t\t<dt class='gallery-icon portrait'>\n\t\t\t\t<a href='https:\/\/www.triocamp.cz\/wp-content\/uploads\/2019\/03\/praha2.jpg'><img width=\"252\" height=\"252\" src=\"https:\/\/www.triocamp.cz\/wp-content\/uploads\/2019\/03\/praha2-252x252.jpg\" class=\"attachment-thumbnail size-thumbnail\" alt=\"\" loading=\"lazy\" \/><\/a>\n\t\t\t<\/dt><\/dl><dl class='gallery-item'>\n\t\t\t<dt class='gallery-icon landscape'>\n\t\t\t\t<a href='https:\/\/www.triocamp.cz\/wp-content\/uploads\/2019\/03\/praha3.jpg'><img width=\"252\" height=\"252\" src=\"https:\/\/www.triocamp.cz\/wp-content\/uploads\/2019\/03\/praha3-252x252.jpg\" class=\"attachment-thumbnail size-thumbnail\" alt=\"\" loading=\"lazy\" \/><\/a>\n\t\t\t<\/dt><\/dl><dl class='gallery-item'>\n\t\t\t<dt class='gallery-icon landscape'>\n\t\t\t\t<a href='https:\/\/www.triocamp.cz\/wp-content\/uploads\/2019\/03\/praha4.jpg'><img width=\"252\" height=\"252\" src=\"https:\/\/www.triocamp.cz\/wp-content\/uploads\/2019\/03\/praha4-252x252.jpg\" class=\"attachment-thumbnail size-thumbnail\" alt=\"\" loading=\"lazy\" \/><\/a>\n\t\t\t<\/dt><\/dl><dl class='gallery-item'>\n\t\t\t<dt class='gallery-icon landscape'>\n\t\t\t\t<a href='https:\/\/www.triocamp.cz\/wp-content\/uploads\/2019\/03\/praha5.jpg'><img width=\"252\" height=\"252\" src=\"https:\/\/www.triocamp.cz\/wp-content\/uploads\/2019\/03\/praha5-252x252.jpg\" class=\"attachment-thumbnail size-thumbnail\" alt=\"\" loading=\"lazy\" \/><\/a>\n\t\t\t<\/dt><\/dl><br style=\"clear: both\" \/>\n\t\t<\/div>\n<\/p>","protected":false},"excerpt":{"rendered":"<p>Prag, die Hauptstadt der Tschechischen Republik, hat eine lange Geschichte und dank ihr k\u00f6nnen wir viele historische Monumente aus verschiedenen Epochen der Weltgeschichte finden. Damit ist es die 5. meistbesuchte europ\u00e4ische Stadt. Zu den interessantesten Sehensw\u00fcrdigkeiten z\u00e4hlen Prager Burg, Vy\u0161ehrad, Karlsbr\u00fccke, astronomische Uhr von Prag, der Altst\u00e4dter Ring, Nationaltheater und viele andere. Es bietet auch [&hellip;]<\/p>\n","protected":false},"author":1,"featured_media":1308,"parent":7,"menu_order":4,"comment_status":"closed","ping_status":"closed","template":"","meta":[],"_links":{"self":[{"href":"https:\/\/www.triocamp.cz\/de\/wp-json\/wp\/v2\/pages\/1172"}],"collection":[{"href":"https:\/\/www.triocamp.cz\/de\/wp-json\/wp\/v2\/pages"}],"about":[{"href":"https:\/\/www.triocamp.cz\/de\/wp-json\/wp\/v2\/types\/page"}],"author":[{"embeddable":true,"href":"https:\/\/www.triocamp.cz\/de\/wp-json\/wp\/v2\/users\/1"}],"replies":[{"embeddable":true,"href":"https:\/\/www.triocamp.cz\/de\/wp-json\/wp\/v2\/comments?post=1172"}],"version-history":[{"count":12,"href":"https:\/\/www.triocamp.cz\/de\/wp-json\/wp\/v2\/pages\/1172\/revisions"}],"predecessor-version":[{"id":1431,"href":"https:\/\/www.triocamp.cz\/de\/wp-json\/wp\/v2\/pages\/1172\/revisions\/1431"}],"up":[{"embeddable":true,"href":"https:\/\/www.triocamp.cz\/de\/wp-json\/wp\/v2\/pages\/7"}],"wp:featuredmedia":[{"embeddable":true,"href":"https:\/\/www.triocamp.cz\/de\/wp-json\/wp\/v2\/media\/1308"}],"wp:attachment":[{"href":"https:\/\/www.triocamp.cz\/de\/wp-json\/wp\/v2\/media?parent=1172"}],"curies":[{"name":"wp","href":"https:\/\/api.w.org\/{rel}","templated":true}]}}