{"id":1467,"date":"2020-04-13T18:03:50","date_gmt":"2020-04-13T18:03:50","guid":{"rendered":"https:\/\/www.triocamp.cz\/?page_id=1467"},"modified":"2025-11-28T10:33:53","modified_gmt":"2025-11-28T10:33:53","slug":"sanitarni-zarizeni","status":"publish","type":"page","link":"https:\/\/www.triocamp.cz\/de\/sluzby\/sanitarni-zarizeni\/","title":{"rendered":"Sanit\u00e4ranlagen"},"content":{"rendered":"<p><strong>NEUE Sanit\u00e4ranlage ab 2020.<\/strong><\/p>\n<h2>Waschr\u00e4ume\u00a0und\u00a0Toiletten<\/h2>\n<ul>\n<li>Moderne\u00a0Sanit\u00e4ranlage\u00a0absolut\u00a0sauber\u00a0gehalten<\/li>\n<li>Warmwasser,\u00a0Dusche\u00a0ist\u00a0Tag\u00a0und\u00a0Nacht\u00a0verf\u00fcgbar\u00a0undkostenlos<\/li>\n<li>Camping &#8211; Service &#8211; Station f\u00fcr Caravans mit Ausguss f\u00fcrchemische Toilette, Nachf\u00fcllen von Trinkwasser, Laden der Batterie<\/li>\n<li>Sp\u00fclbecken\u00a0mit\u00a0hei\u00dfem\u00a0und\u00a0kaltem\u00a0Wasser<\/li>\n<li>Waschmaschine<\/li>\n<\/ul>\n\n\t\t<style type=\"text\/css\">\n\t\t\t#gallery-3 {\n\t\t\t\tmargin: auto;\n\t\t\t}\n\t\t\t#gallery-3 .gallery-item {\n\t\t\t\tfloat: left;\n\t\t\t\tmargin-top: 10px;\n\t\t\t\ttext-align: center;\n\t\t\t\twidth: 25%;\n\t\t\t}\n\t\t\t#gallery-3 img {\n\t\t\t\tborder: 2px solid #cfcfcf;\n\t\t\t}\n\t\t\t#gallery-3 .gallery-caption {\n\t\t\t\tmargin-left: 0;\n\t\t\t}\n\t\t\t\/* see gallery_shortcode() in wp-includes\/media.php *\/\n\t\t<\/style>\n\t\t<div id='gallery-3' class='gallery galleryid-1467 gallery-columns-4 gallery-size-thumbnail'><dl class='gallery-item'>\n\t\t\t<dt class='gallery-icon landscape'>\n\t\t\t\t<a href='https:\/\/www.triocamp.cz\/wp-content\/uploads\/2019\/03\/DJI_0588-01-scaled.jpeg'><img width=\"252\" height=\"252\" src=\"https:\/\/www.triocamp.cz\/wp-content\/uploads\/2019\/03\/DJI_0588-01-252x252.jpeg\" class=\"attachment-thumbnail size-thumbnail\" alt=\"\" loading=\"lazy\" \/><\/a>\n\t\t\t<\/dt><\/dl><dl class='gallery-item'>\n\t\t\t<dt class='gallery-icon landscape'>\n\t\t\t\t<a href='https:\/\/www.triocamp.cz\/wp-content\/uploads\/2019\/03\/DJI_0430-01-scaled.jpeg'><img width=\"252\" height=\"252\" src=\"https:\/\/www.triocamp.cz\/wp-content\/uploads\/2019\/03\/DJI_0430-01-252x252.jpeg\" class=\"attachment-thumbnail size-thumbnail\" alt=\"\" loading=\"lazy\" \/><\/a>\n\t\t\t<\/dt><\/dl><dl class='gallery-item'>\n\t\t\t<dt class='gallery-icon landscape'>\n\t\t\t\t<a href='https:\/\/www.triocamp.cz\/wp-content\/uploads\/2019\/03\/DJI_0677-01-scaled.jpeg'><img width=\"252\" height=\"252\" src=\"https:\/\/www.triocamp.cz\/wp-content\/uploads\/2019\/03\/DJI_0677-01-252x252.jpeg\" class=\"attachment-thumbnail size-thumbnail\" alt=\"\" loading=\"lazy\" \/><\/a>\n\t\t\t<\/dt><\/dl><dl class='gallery-item'>\n\t\t\t<dt class='gallery-icon landscape'>\n\t\t\t\t<a href='https:\/\/www.triocamp.cz\/wp-content\/uploads\/2019\/03\/DJI_0590-01-scaled.jpeg'><img width=\"252\" height=\"252\" src=\"https:\/\/www.triocamp.cz\/wp-content\/uploads\/2019\/03\/DJI_0590-01-252x252.jpeg\" class=\"attachment-thumbnail size-thumbnail\" alt=\"\" loading=\"lazy\" \/><\/a>\n\t\t\t<\/dt><\/dl><br style=\"clear: both\" \/><dl class='gallery-item'>\n\t\t\t<dt class='gallery-icon portrait'>\n\t\t\t\t<a href='https:\/\/www.triocamp.cz\/wp-content\/uploads\/2019\/03\/DJI_0599-01-scaled.jpeg'><img width=\"252\" height=\"252\" src=\"https:\/\/www.triocamp.cz\/wp-content\/uploads\/2019\/03\/DJI_0599-01-252x252.jpeg\" class=\"attachment-thumbnail size-thumbnail\" alt=\"\" loading=\"lazy\" \/><\/a>\n\t\t\t<\/dt><\/dl><dl class='gallery-item'>\n\t\t\t<dt class='gallery-icon portrait'>\n\t\t\t\t<a href='https:\/\/www.triocamp.cz\/wp-content\/uploads\/2019\/03\/DJI_0592-02-scaled.jpeg'><img width=\"252\" height=\"252\" src=\"https:\/\/www.triocamp.cz\/wp-content\/uploads\/2019\/03\/DJI_0592-02-252x252.jpeg\" class=\"attachment-thumbnail size-thumbnail\" alt=\"\" loading=\"lazy\" \/><\/a>\n\t\t\t<\/dt><\/dl><dl class='gallery-item'>\n\t\t\t<dt class='gallery-icon portrait'>\n\t\t\t\t<a href='https:\/\/www.triocamp.cz\/wp-content\/uploads\/2019\/03\/DJI_0598-01-scaled.jpeg'><img width=\"252\" height=\"252\" src=\"https:\/\/www.triocamp.cz\/wp-content\/uploads\/2019\/03\/DJI_0598-01-252x252.jpeg\" class=\"attachment-thumbnail size-thumbnail\" alt=\"\" loading=\"lazy\" \/><\/a>\n\t\t\t<\/dt><\/dl><dl class='gallery-item'>\n\t\t\t<dt class='gallery-icon landscape'>\n\t\t\t\t<a href='https:\/\/www.triocamp.cz\/wp-content\/uploads\/2019\/03\/DJI_0424-01-scaled.jpeg'><img width=\"252\" height=\"252\" src=\"https:\/\/www.triocamp.cz\/wp-content\/uploads\/2019\/03\/DJI_0424-01-252x252.jpeg\" class=\"attachment-thumbnail size-thumbnail\" alt=\"\" loading=\"lazy\" \/><\/a>\n\t\t\t<\/dt><\/dl><br style=\"clear: both\" \/>\n\t\t<\/div>\n\n<p><\/p>","protected":false},"excerpt":{"rendered":"<p>NEUE Sanit\u00e4ranlage ab 2020. Waschr\u00e4ume\u00a0und\u00a0Toiletten Moderne\u00a0Sanit\u00e4ranlage\u00a0absolut\u00a0sauber\u00a0gehalten Warmwasser,\u00a0Dusche\u00a0ist\u00a0Tag\u00a0und\u00a0Nacht\u00a0verf\u00fcgbar\u00a0undkostenlos Camping &#8211; Service &#8211; Station f\u00fcr Caravans mit Ausguss f\u00fcrchemische Toilette, Nachf\u00fcllen von Trinkwasser, Laden der Batterie Sp\u00fclbecken\u00a0mit\u00a0hei\u00dfem\u00a0und\u00a0kaltem\u00a0Wasser Waschmaschine<\/p>\n","protected":false},"author":1,"featured_media":0,"parent":11,"menu_order":5,"comment_status":"closed","ping_status":"closed","template":"","meta":[],"_links":{"self":[{"href":"https:\/\/www.triocamp.cz\/de\/wp-json\/wp\/v2\/pages\/1467"}],"collection":[{"href":"https:\/\/www.triocamp.cz\/de\/wp-json\/wp\/v2\/pages"}],"about":[{"href":"https:\/\/www.triocamp.cz\/de\/wp-json\/wp\/v2\/types\/page"}],"author":[{"embeddable":true,"href":"https:\/\/www.triocamp.cz\/de\/wp-json\/wp\/v2\/users\/1"}],"replies":[{"embeddable":true,"href":"https:\/\/www.triocamp.cz\/de\/wp-json\/wp\/v2\/comments?post=1467"}],"version-history":[{"count":8,"href":"https:\/\/www.triocamp.cz\/de\/wp-json\/wp\/v2\/pages\/1467\/revisions"}],"predecessor-version":[{"id":2014,"href":"https:\/\/www.triocamp.cz\/de\/wp-json\/wp\/v2\/pages\/1467\/revisions\/2014"}],"up":[{"embeddable":true,"href":"https:\/\/www.triocamp.cz\/de\/wp-json\/wp\/v2\/pages\/11"}],"wp:attachment":[{"href":"https:\/\/www.triocamp.cz\/de\/wp-json\/wp\/v2\/media?parent=1467"}],"curies":[{"name":"wp","href":"https:\/\/api.w.org\/{rel}","templated":true}]}}