{"id":1471,"date":"2020-04-13T18:04:19","date_gmt":"2020-04-13T18:04:19","guid":{"rendered":"https:\/\/www.triocamp.cz\/?page_id=1471"},"modified":"2024-08-31T11:28:06","modified_gmt":"2024-08-31T11:28:06","slug":"verejna-doprava","status":"publish","type":"page","link":"https:\/\/www.triocamp.cz\/de\/sluzby\/verejna-doprava\/","title":{"rendered":"Verkehrsmittel"},"content":{"rendered":"<p><strong>Einfach und schnell, unsere Campingplatz nur 20 Minutenvom Zentrum von Prag entfernt.<\/strong><\/p>\n<h2>Stra\u00dfenbahn &#8211; Bus &#8211; U-Bahn<\/h2>\n<ul>\n<li>Die Verkehrsverbindung ans Stadtzentrum ist sehr einfachund schnell<\/li>\n<li>Fahrpl\u00e4ne und andere Informationen erhalten Sie an der Rezeption<\/li>\n<li>Tickets sind an der Rezeption erh\u00e4ltlich<\/li>\n<\/ul>\n<h2>N\u00e4chstgelegene Haltestellen<\/h2>\n<p><strong>Mit der Stra\u00dfenbahn (von Vozovna Kobylisy)<\/strong><\/p>\n<ul>\n<li>22 Minuten mitder Stra\u00dfenbahn Nr. 17 direkt zur Karlsbr\u00fccke.<\/li>\n<\/ul>\n<p><strong>Mit der U-Bahn (von Kobylisy)<\/strong><\/p>\n<ul>\n<li>Linie C (rot) &#8211; Richtung H\u00e1je<\/li>\n<li>10 min nach U-Bahn-Haltestelle Museum direkt amWenzelsplatz.<\/li>\n<li>Linie C (rot) &#8211; Richtung Let\u0148any<\/li>\n<li>12 min zur Bushaltestelle Let\u0148any und Bus 201, 140, 136 zurBushaltestelle Tupolevova = Einkaufszentrum, Kino, Schwimmbad<\/li>\n<\/ul>\n<p><strong>Mit dem Bus (von der Haltestelle M\u011bd\u011bneck\u00e1)<\/strong><\/p>\n<ul>\n<li>5 Minuten zur Bushaltestelle, 10 Minuten mit dem Bus 162 zum Kobylisy Station und dann mit der U-Bahn oder Stra\u00dfenbahn ins Zentrum.<\/li>\n<\/ul>\n<h2>Fahrzeit nach Zentrum<\/h2>\n<ul>\n<li>Mit dem Auto: 10 min<\/li>\n<li>Mit der U-Bahn: 10 min<\/li>\n<li>Mit der Stra\u00dfenbahn: 22 min<\/li>\n<li>Bus und U-Bahn: 22 min<\/li>\n<li>Bus und Stra\u00dfenbahn: 40 min<\/li>\n<\/ul>\n<p><\/p>","protected":false},"excerpt":{"rendered":"<p>Einfach und schnell, unsere Campingplatz nur 20 Minutenvom Zentrum von Prag entfernt. Stra\u00dfenbahn &#8211; Bus &#8211; U-Bahn Die Verkehrsverbindung ans Stadtzentrum ist sehr einfachund schnell Fahrpl\u00e4ne und andere Informationen erhalten Sie an der Rezeption Tickets sind an der Rezeption erh\u00e4ltlich N\u00e4chstgelegene Haltestellen Mit der Stra\u00dfenbahn (von Vozovna Kobylisy) 22 Minuten mitder Stra\u00dfenbahn Nr. 17 direkt [&hellip;]<\/p>\n","protected":false},"author":1,"featured_media":0,"parent":11,"menu_order":4,"comment_status":"closed","ping_status":"closed","template":"","meta":[],"_links":{"self":[{"href":"https:\/\/www.triocamp.cz\/de\/wp-json\/wp\/v2\/pages\/1471"}],"collection":[{"href":"https:\/\/www.triocamp.cz\/de\/wp-json\/wp\/v2\/pages"}],"about":[{"href":"https:\/\/www.triocamp.cz\/de\/wp-json\/wp\/v2\/types\/page"}],"author":[{"embeddable":true,"href":"https:\/\/www.triocamp.cz\/de\/wp-json\/wp\/v2\/users\/1"}],"replies":[{"embeddable":true,"href":"https:\/\/www.triocamp.cz\/de\/wp-json\/wp\/v2\/comments?post=1471"}],"version-history":[{"count":10,"href":"https:\/\/www.triocamp.cz\/de\/wp-json\/wp\/v2\/pages\/1471\/revisions"}],"predecessor-version":[{"id":1930,"href":"https:\/\/www.triocamp.cz\/de\/wp-json\/wp\/v2\/pages\/1471\/revisions\/1930"}],"up":[{"embeddable":true,"href":"https:\/\/www.triocamp.cz\/de\/wp-json\/wp\/v2\/pages\/11"}],"wp:attachment":[{"href":"https:\/\/www.triocamp.cz\/de\/wp-json\/wp\/v2\/media?parent=1471"}],"curies":[{"name":"wp","href":"https:\/\/api.w.org\/{rel}","templated":true}]}}