{"id":1473,"date":"2020-04-13T18:04:32","date_gmt":"2020-04-13T18:04:32","guid":{"rendered":"https:\/\/www.triocamp.cz\/?page_id=1473"},"modified":"2024-08-31T11:22:29","modified_gmt":"2024-08-31T11:22:29","slug":"bistro","status":"publish","type":"page","link":"https:\/\/www.triocamp.cz\/de\/sluzby\/bistro\/","title":{"rendered":"Gastst\u00e4tte \u2013\u2060\u2060\u2060\u2060\u2060\u2060 Bistro"},"content":{"rendered":"<p><\/p>\n<ul>\n<li>Fr\u00fchst\u00fcck und abendessen<\/li>\n<li>Typische tschechische Gerichte, Burger, Steaks, W\u00fcrstchen, Salate<\/li>\n<li>Fassbier<\/li>\n<li>Tschechischer und italienischer Wein, Cocktails<\/li>\n<li>Tee, Kaffee, S\u00e4fte, Limonade<\/li>\n<li>Gro\u00dfer Sitzbereich im Freien<\/li>\n<li>Abends mit Live-Musik<\/li>\n<\/ul>\n<p>Das Fr\u00fchst\u00fcck wird von 8:00 bis 10:00 Uhr serviert.<\/p>\n<p>W\u00e4hrend der Hochsaison ist das Bistro von 16:00 bis 23:00 Uhr ge\u00f6ffnet.<\/p>\n<p>\n\t\t<style type=\"text\/css\">\n\t\t\t#gallery-3 {\n\t\t\t\tmargin: auto;\n\t\t\t}\n\t\t\t#gallery-3 .gallery-item {\n\t\t\t\tfloat: left;\n\t\t\t\tmargin-top: 10px;\n\t\t\t\ttext-align: center;\n\t\t\t\twidth: 33%;\n\t\t\t}\n\t\t\t#gallery-3 img {\n\t\t\t\tborder: 2px solid #cfcfcf;\n\t\t\t}\n\t\t\t#gallery-3 .gallery-caption {\n\t\t\t\tmargin-left: 0;\n\t\t\t}\n\t\t\t\/* see gallery_shortcode() in wp-includes\/media.php *\/\n\t\t<\/style>\n\t\t<div id='gallery-3' class='gallery galleryid-1473 gallery-columns-3 gallery-size-thumbnail'><dl class='gallery-item'>\n\t\t\t<dt class='gallery-icon landscape'>\n\t\t\t\t<a href='https:\/\/www.triocamp.cz\/wp-content\/uploads\/2020\/08\/DSC_0164-1-02-scaled.jpeg'><img width=\"252\" height=\"252\" src=\"https:\/\/www.triocamp.cz\/wp-content\/uploads\/2020\/08\/DSC_0164-1-02-252x252.jpeg\" class=\"attachment-thumbnail size-thumbnail\" alt=\"\" loading=\"lazy\" \/><\/a>\n\t\t\t<\/dt><\/dl><dl class='gallery-item'>\n\t\t\t<dt class='gallery-icon landscape'>\n\t\t\t\t<a href='https:\/\/www.triocamp.cz\/wp-content\/uploads\/2021\/09\/1630574441079-01-scaled.jpg'><img width=\"252\" height=\"252\" src=\"https:\/\/www.triocamp.cz\/wp-content\/uploads\/2021\/09\/1630574441079-01-252x252.jpg\" class=\"attachment-thumbnail size-thumbnail\" alt=\"\" loading=\"lazy\" \/><\/a>\n\t\t\t<\/dt><\/dl><dl class='gallery-item'>\n\t\t\t<dt class='gallery-icon landscape'>\n\t\t\t\t<a href='https:\/\/www.triocamp.cz\/wp-content\/uploads\/2021\/09\/1630574522328-01-scaled.jpg'><img width=\"252\" height=\"252\" src=\"https:\/\/www.triocamp.cz\/wp-content\/uploads\/2021\/09\/1630574522328-01-252x252.jpg\" class=\"attachment-thumbnail size-thumbnail\" alt=\"\" loading=\"lazy\" \/><\/a>\n\t\t\t<\/dt><\/dl><br style=\"clear: both\" \/>\n\t\t<\/div>\n<\/p>","protected":false},"excerpt":{"rendered":"<p>Fr\u00fchst\u00fcck und abendessen Typische tschechische Gerichte, Burger, Steaks, W\u00fcrstchen, Salate Fassbier Tschechischer und italienischer Wein, Cocktails Tee, Kaffee, S\u00e4fte, Limonade Gro\u00dfer Sitzbereich im Freien Abends mit Live-Musik Das Fr\u00fchst\u00fcck wird von 8:00 bis 10:00 Uhr serviert. W\u00e4hrend der Hochsaison ist das Bistro von 16:00 bis 23:00 Uhr ge\u00f6ffnet.<\/p>\n","protected":false},"author":1,"featured_media":0,"parent":11,"menu_order":3,"comment_status":"closed","ping_status":"closed","template":"","meta":[],"_links":{"self":[{"href":"https:\/\/www.triocamp.cz\/de\/wp-json\/wp\/v2\/pages\/1473"}],"collection":[{"href":"https:\/\/www.triocamp.cz\/de\/wp-json\/wp\/v2\/pages"}],"about":[{"href":"https:\/\/www.triocamp.cz\/de\/wp-json\/wp\/v2\/types\/page"}],"author":[{"embeddable":true,"href":"https:\/\/www.triocamp.cz\/de\/wp-json\/wp\/v2\/users\/1"}],"replies":[{"embeddable":true,"href":"https:\/\/www.triocamp.cz\/de\/wp-json\/wp\/v2\/comments?post=1473"}],"version-history":[{"count":10,"href":"https:\/\/www.triocamp.cz\/de\/wp-json\/wp\/v2\/pages\/1473\/revisions"}],"predecessor-version":[{"id":1929,"href":"https:\/\/www.triocamp.cz\/de\/wp-json\/wp\/v2\/pages\/1473\/revisions\/1929"}],"up":[{"embeddable":true,"href":"https:\/\/www.triocamp.cz\/de\/wp-json\/wp\/v2\/pages\/11"}],"wp:attachment":[{"href":"https:\/\/www.triocamp.cz\/de\/wp-json\/wp\/v2\/media?parent=1473"}],"curies":[{"name":"wp","href":"https:\/\/api.w.org\/{rel}","templated":true}]}}