{"id":73,"date":"2015-03-23T10:29:35","date_gmt":"2015-03-23T10:29:35","guid":{"rendered":"https:\/\/www.campingprima.cz\/?page_id=73"},"modified":"2024-08-31T11:15:43","modified_gmt":"2024-08-31T11:15:43","slug":"aktivity","status":"publish","type":"page","link":"https:\/\/www.triocamp.cz\/de\/uvodni-stranka\/aktivity\/","title":{"rendered":"Freizeitaktivit\u00e4ten"},"content":{"rendered":"<p><\/p>\n<ul>\n<li>Schwimmbad 8x4m<\/li>\n<li>Trampolin<\/li>\n<li>OutdoorRiesenschachbrett<\/li>\n<li>Bistro &#8211; wirservieren k\u00f6stliche Abendessen<\/li>\n<li>Abends mit Live-Musik<\/li>\n<\/ul>\n<h2>Freizeitaktivit\u00e4ten in Doln\u00ed Chabry<\/h2>\n<ul>\n<li>Caf\u00e9s, Restaurants<\/li>\n<li>Tennispl\u00e4tze<\/li>\n<li>Bowling<\/li>\n<li>Post<\/li>\n<li>Supermarket<\/li>\n<\/ul>\n<p>F\u00fcnf Minuten mit dem Auto entfernt (Autobahn D8) befindet sich Einkaufszentrum Let\u0148any (OC Let\u0148any) mit einer gro\u00dfen Auswahl an Kleidung, M\u00f6beln, Lebensmitteln und anderen Waren. Hier finden Sie auch Cinestar Let\u0148any (Kino).<\/p>\n<p>Vier Minuten zu Fu\u00df vom Campingplatz entfernt liegt die Haltestelle M\u011b\u010feneck\u00e1, von der die Buslinie 162 direkt zur U-Bahnstation Kobylisy (U-Bahn Linie C) f\u00e4hrt. Von dort aus k\u00f6nnen Sie das Zentrum von Prag bequem erreichen \u2013 es ist nur 20 Minuten mit den \u00f6ffentlichen Verkehrsmitteln aus TrioCamp ins Zentrum von Prag.<\/p>\n<p>Was liegt nah (mit dem Auto oder Fahrrad): der Radweg entlang der Moldau, Zoologische und Botanische Garten in Prag, \u010cimick\u00fd h\u00e1j, \u010e\u00e1blick\u00fd h\u00e1j, Schwimmbad \u0160utka, Bulovka-Krankenhaus und andere Ziele in Prag.<\/p>","protected":false},"excerpt":{"rendered":"<p>Schwimmbad 8x4m Trampolin OutdoorRiesenschachbrett Bistro &#8211; wirservieren k\u00f6stliche Abendessen Abends mit Live-Musik Freizeitaktivit\u00e4ten in Doln\u00ed Chabry Caf\u00e9s, Restaurants Tennispl\u00e4tze Bowling Post Supermarket F\u00fcnf Minuten mit dem Auto entfernt (Autobahn D8) befindet sich Einkaufszentrum Let\u0148any (OC Let\u0148any) mit einer gro\u00dfen Auswahl an Kleidung, M\u00f6beln, Lebensmitteln und anderen Waren. Hier finden Sie auch Cinestar Let\u0148any (Kino). Vier [&hellip;]<\/p>\n","protected":false},"author":1,"featured_media":0,"parent":7,"menu_order":3,"comment_status":"closed","ping_status":"closed","template":"","meta":[],"_links":{"self":[{"href":"https:\/\/www.triocamp.cz\/de\/wp-json\/wp\/v2\/pages\/73"}],"collection":[{"href":"https:\/\/www.triocamp.cz\/de\/wp-json\/wp\/v2\/pages"}],"about":[{"href":"https:\/\/www.triocamp.cz\/de\/wp-json\/wp\/v2\/types\/page"}],"author":[{"embeddable":true,"href":"https:\/\/www.triocamp.cz\/de\/wp-json\/wp\/v2\/users\/1"}],"replies":[{"embeddable":true,"href":"https:\/\/www.triocamp.cz\/de\/wp-json\/wp\/v2\/comments?post=73"}],"version-history":[{"count":14,"href":"https:\/\/www.triocamp.cz\/de\/wp-json\/wp\/v2\/pages\/73\/revisions"}],"predecessor-version":[{"id":1926,"href":"https:\/\/www.triocamp.cz\/de\/wp-json\/wp\/v2\/pages\/73\/revisions\/1926"}],"up":[{"embeddable":true,"href":"https:\/\/www.triocamp.cz\/de\/wp-json\/wp\/v2\/pages\/7"}],"wp:attachment":[{"href":"https:\/\/www.triocamp.cz\/de\/wp-json\/wp\/v2\/media?parent=73"}],"curies":[{"name":"wp","href":"https:\/\/api.w.org\/{rel}","templated":true}]}}