{"id":1172,"date":"2019-03-07T12:32:33","date_gmt":"2019-03-07T12:32:33","guid":{"rendered":"https:\/\/www.triocamp.cz\/?page_id=1172"},"modified":"2024-04-28T21:01:37","modified_gmt":"2024-04-28T21:01:37","slug":"praha","status":"publish","type":"page","link":"https:\/\/www.triocamp.cz\/en\/uvodni-stranka\/praha\/","title":{"rendered":"Prague"},"content":{"rendered":"<p>Prague, the capital of Czech Republic, has a long history and there are a lot of sights from several historical eras in the city centre. This fact makes Prague one of the most visited cities in Europe.<\/p>\n<p>Among the most interesting monuments belong Prague Castle, Vy\u0161ehrad, Charles Bridge, Prague Astronomical Clock, Old town Square, National Theatre and many others. The city also offers beautiful parks such as Stromovka or Pet\u0159\u00edn Hill with a lookout tower.<\/p>\n<p>Of course, there are many other leisure time possibilities such as swimming pools, sport venues, theatres or festivals. The top tip for families is Prague Zoo, recently awarded by Trip advisor as the 5th best zoo in the world.<\/p>\n<p>If you like shopping you are at the right place, because Prague is paradise of shopping. You can find lot of shops with clothes but also other stuff in the city centre and also outside of it. Well known is Pa\u0159\u00ed\u017esk\u00e1 street, where you can find shops with the most luxury stuff.<\/p>\n<p>\n\t\t<style type=\"text\/css\">\n\t\t\t#gallery-2 {\n\t\t\t\tmargin: auto;\n\t\t\t}\n\t\t\t#gallery-2 .gallery-item {\n\t\t\t\tfloat: left;\n\t\t\t\tmargin-top: 10px;\n\t\t\t\ttext-align: center;\n\t\t\t\twidth: 25%;\n\t\t\t}\n\t\t\t#gallery-2 img {\n\t\t\t\tborder: 2px solid #cfcfcf;\n\t\t\t}\n\t\t\t#gallery-2 .gallery-caption {\n\t\t\t\tmargin-left: 0;\n\t\t\t}\n\t\t\t\/* see gallery_shortcode() in wp-includes\/media.php *\/\n\t\t<\/style>\n\t\t<div id='gallery-2' class='gallery galleryid-1172 gallery-columns-4 gallery-size-thumbnail'><dl class='gallery-item'>\n\t\t\t<dt class='gallery-icon portrait'>\n\t\t\t\t<a href='https:\/\/www.triocamp.cz\/wp-content\/uploads\/2019\/03\/praha2.jpg'><img width=\"252\" height=\"252\" src=\"https:\/\/www.triocamp.cz\/wp-content\/uploads\/2019\/03\/praha2-252x252.jpg\" class=\"attachment-thumbnail size-thumbnail\" alt=\"\" loading=\"lazy\" \/><\/a>\n\t\t\t<\/dt><\/dl><dl class='gallery-item'>\n\t\t\t<dt class='gallery-icon landscape'>\n\t\t\t\t<a href='https:\/\/www.triocamp.cz\/wp-content\/uploads\/2019\/03\/praha3.jpg'><img width=\"252\" height=\"252\" src=\"https:\/\/www.triocamp.cz\/wp-content\/uploads\/2019\/03\/praha3-252x252.jpg\" class=\"attachment-thumbnail size-thumbnail\" alt=\"\" loading=\"lazy\" \/><\/a>\n\t\t\t<\/dt><\/dl><dl class='gallery-item'>\n\t\t\t<dt class='gallery-icon landscape'>\n\t\t\t\t<a href='https:\/\/www.triocamp.cz\/wp-content\/uploads\/2019\/03\/praha4.jpg'><img width=\"252\" height=\"252\" src=\"https:\/\/www.triocamp.cz\/wp-content\/uploads\/2019\/03\/praha4-252x252.jpg\" class=\"attachment-thumbnail size-thumbnail\" alt=\"\" loading=\"lazy\" \/><\/a>\n\t\t\t<\/dt><\/dl><dl class='gallery-item'>\n\t\t\t<dt class='gallery-icon landscape'>\n\t\t\t\t<a href='https:\/\/www.triocamp.cz\/wp-content\/uploads\/2019\/03\/praha5.jpg'><img width=\"252\" height=\"252\" src=\"https:\/\/www.triocamp.cz\/wp-content\/uploads\/2019\/03\/praha5-252x252.jpg\" class=\"attachment-thumbnail size-thumbnail\" alt=\"\" loading=\"lazy\" \/><\/a>\n\t\t\t<\/dt><\/dl><br style=\"clear: both\" \/>\n\t\t<\/div>\n<\/p>","protected":false},"excerpt":{"rendered":"<p>Prague, the capital of Czech Republic, has a long history and there are a lot of sights from several historical eras in the city centre. This fact makes Prague one of the most visited cities in Europe. Among the most interesting monuments belong Prague Castle, Vy\u0161ehrad, Charles Bridge, Prague Astronomical Clock, Old town Square, National [&hellip;]<\/p>\n","protected":false},"author":1,"featured_media":1308,"parent":7,"menu_order":4,"comment_status":"closed","ping_status":"closed","template":"","meta":[],"_links":{"self":[{"href":"https:\/\/www.triocamp.cz\/en\/wp-json\/wp\/v2\/pages\/1172"}],"collection":[{"href":"https:\/\/www.triocamp.cz\/en\/wp-json\/wp\/v2\/pages"}],"about":[{"href":"https:\/\/www.triocamp.cz\/en\/wp-json\/wp\/v2\/types\/page"}],"author":[{"embeddable":true,"href":"https:\/\/www.triocamp.cz\/en\/wp-json\/wp\/v2\/users\/1"}],"replies":[{"embeddable":true,"href":"https:\/\/www.triocamp.cz\/en\/wp-json\/wp\/v2\/comments?post=1172"}],"version-history":[{"count":12,"href":"https:\/\/www.triocamp.cz\/en\/wp-json\/wp\/v2\/pages\/1172\/revisions"}],"predecessor-version":[{"id":1431,"href":"https:\/\/www.triocamp.cz\/en\/wp-json\/wp\/v2\/pages\/1172\/revisions\/1431"}],"up":[{"embeddable":true,"href":"https:\/\/www.triocamp.cz\/en\/wp-json\/wp\/v2\/pages\/7"}],"wp:featuredmedia":[{"embeddable":true,"href":"https:\/\/www.triocamp.cz\/en\/wp-json\/wp\/v2\/media\/1308"}],"wp:attachment":[{"href":"https:\/\/www.triocamp.cz\/en\/wp-json\/wp\/v2\/media?parent=1172"}],"curies":[{"name":"wp","href":"https:\/\/api.w.org\/{rel}","templated":true}]}}