{"id":1471,"date":"2020-04-13T18:04:19","date_gmt":"2020-04-13T18:04:19","guid":{"rendered":"https:\/\/www.triocamp.cz\/?page_id=1471"},"modified":"2024-08-31T11:28:06","modified_gmt":"2024-08-31T11:28:06","slug":"verejna-doprava","status":"publish","type":"page","link":"https:\/\/www.triocamp.cz\/en\/sluzby\/verejna-doprava\/","title":{"rendered":"Transport"},"content":{"rendered":"<p><strong>Simple and fast travel to the city centre, only 20 minutes.<\/strong><\/p>\n<h2>Tram \u2013 Bus \u2013 Subway<\/h2>\n<ul>\n<li>Connection to the is very easy and quick<\/li>\n<li>Timetables and other information are available at the reception<\/li>\n<li>Tickets are also available at the reception<\/li>\n<\/ul>\n<h2>The nearest stations<\/h2>\n<p><strong>Tram (from station Kobylisy)<\/strong><\/p>\n<ul>\n<li>20 minutes by tram straight to the Charles bridge<\/li>\n<\/ul>\n<p><strong>Subway (from station Kobylisy)<\/strong><\/p>\n<ul>\n<li>C line (red color) \u2013 direction H\u00e1je<\/li>\n<li>10 minutes to station Muzeum straight to Wenceslas square<\/li>\n<li>C line (red color) \u2013 direction Let\u0148any<\/li>\n<li>12 minutes to station Let\u0148any and by bus 201, 140, 136 to station Tupolevova \u2013 Shopping centre, cinema, Aquapark<\/li>\n<\/ul>\n<p><strong>Bus (from station M\u011bd\u011bneck\u00e1)<\/strong><\/p>\n<ul>\n<li>5 minutes to the station, 10 minutes with bus 162 to Kobylisy and then with tram or metro to the centre<\/li>\n<\/ul>\n<h2>Travel time to the city centre<\/h2>\n<ul>\n<li>By car: 10 minutes<\/li>\n<li>By subway: 10 minutes<\/li>\n<li>By tram: 20 minutes<\/li>\n<li>Bus &amp; subway: 20 minutes<\/li>\n<li>Bus &amp; tram: 40 minutes<\/li>\n<\/ul>\n<p><\/p>","protected":false},"excerpt":{"rendered":"<p>Simple and fast travel to the city centre, only 20 minutes. Tram \u2013 Bus \u2013 Subway Connection to the is very easy and quick Timetables and other information are available at the reception Tickets are also available at the reception The nearest stations Tram (from station Kobylisy) 20 minutes by tram straight to the Charles [&hellip;]<\/p>\n","protected":false},"author":1,"featured_media":0,"parent":11,"menu_order":4,"comment_status":"closed","ping_status":"closed","template":"","meta":[],"_links":{"self":[{"href":"https:\/\/www.triocamp.cz\/en\/wp-json\/wp\/v2\/pages\/1471"}],"collection":[{"href":"https:\/\/www.triocamp.cz\/en\/wp-json\/wp\/v2\/pages"}],"about":[{"href":"https:\/\/www.triocamp.cz\/en\/wp-json\/wp\/v2\/types\/page"}],"author":[{"embeddable":true,"href":"https:\/\/www.triocamp.cz\/en\/wp-json\/wp\/v2\/users\/1"}],"replies":[{"embeddable":true,"href":"https:\/\/www.triocamp.cz\/en\/wp-json\/wp\/v2\/comments?post=1471"}],"version-history":[{"count":10,"href":"https:\/\/www.triocamp.cz\/en\/wp-json\/wp\/v2\/pages\/1471\/revisions"}],"predecessor-version":[{"id":1930,"href":"https:\/\/www.triocamp.cz\/en\/wp-json\/wp\/v2\/pages\/1471\/revisions\/1930"}],"up":[{"embeddable":true,"href":"https:\/\/www.triocamp.cz\/en\/wp-json\/wp\/v2\/pages\/11"}],"wp:attachment":[{"href":"https:\/\/www.triocamp.cz\/en\/wp-json\/wp\/v2\/media?parent=1471"}],"curies":[{"name":"wp","href":"https:\/\/api.w.org\/{rel}","templated":true}]}}