{"id":67,"date":"2015-03-23T09:56:40","date_gmt":"2015-03-23T09:56:40","guid":{"rendered":"https:\/\/www.campingprima.cz\/?page_id=67"},"modified":"2024-08-14T08:51:10","modified_gmt":"2024-08-14T08:51:10","slug":"o-nas","status":"publish","type":"page","link":"https:\/\/www.triocamp.cz\/en\/uvodni-stranka\/o-nas\/","title":{"rendered":"About Us"},"content":{"rendered":"<p><\/p>\n<h2>Triocamp<\/h2>\n<p>Triocamp is located in the northern part of Prague called <strong>Doln\u00ed Chabry<\/strong>. Thanks to its advantageous location it offers comfortable accommodation, but primarily an excellent transport connection to the centre of the magical city of Prague. Neighborhood of Doln\u00ed Chabry also offers several historical sites and nature environment ideal for walks and cycling.<\/p>\n<p>You can <strong>arrive to our campsite<\/strong> on the highway D8\/E55 from \u00dast\u00ed nad Labem\/Dresden through EXIT n.1 to Zdiby and continue on road n.608 to Doln\u00ed Chabry. The other way (from Prague city centre) goes on highway D8\/E55 too, or through street V Hole\u0161ovi\u010dk\u00e1ch to street Zenklova and continue through Kobylisy on road 608 to Doln\u00ed Chabry.<\/p>\n<h2>Accommodation<\/h2>\n<p>We offer nice grassy places for tents and caravans both on sun or in the shadow. You can also stay inb our cozy bungalows. We accept ACSI discount cards.<\/p>\n<p><strong>Popular is a cheap parking for caravans and campers in the campsite, when you are visiting for a short time.<\/strong> You can use services such as a chemical WC drain, refill drinkable water, recharge electricity or use camping sanitary facilities.<\/p>","protected":false},"excerpt":{"rendered":"<p>Triocamp Triocamp is located in the northern part of Prague called Doln\u00ed Chabry. Thanks to its advantageous location it offers comfortable accommodation, but primarily an excellent transport connection to the centre of the magical city of Prague. Neighborhood of Doln\u00ed Chabry also offers several historical sites and nature environment ideal for walks and cycling. You [&hellip;]<\/p>\n","protected":false},"author":1,"featured_media":1597,"parent":7,"menu_order":1,"comment_status":"closed","ping_status":"closed","template":"","meta":[],"_links":{"self":[{"href":"https:\/\/www.triocamp.cz\/en\/wp-json\/wp\/v2\/pages\/67"}],"collection":[{"href":"https:\/\/www.triocamp.cz\/en\/wp-json\/wp\/v2\/pages"}],"about":[{"href":"https:\/\/www.triocamp.cz\/en\/wp-json\/wp\/v2\/types\/page"}],"author":[{"embeddable":true,"href":"https:\/\/www.triocamp.cz\/en\/wp-json\/wp\/v2\/users\/1"}],"replies":[{"embeddable":true,"href":"https:\/\/www.triocamp.cz\/en\/wp-json\/wp\/v2\/comments?post=67"}],"version-history":[{"count":9,"href":"https:\/\/www.triocamp.cz\/en\/wp-json\/wp\/v2\/pages\/67\/revisions"}],"predecessor-version":[{"id":1916,"href":"https:\/\/www.triocamp.cz\/en\/wp-json\/wp\/v2\/pages\/67\/revisions\/1916"}],"up":[{"embeddable":true,"href":"https:\/\/www.triocamp.cz\/en\/wp-json\/wp\/v2\/pages\/7"}],"wp:featuredmedia":[{"embeddable":true,"href":"https:\/\/www.triocamp.cz\/en\/wp-json\/wp\/v2\/media\/1597"}],"wp:attachment":[{"href":"https:\/\/www.triocamp.cz\/en\/wp-json\/wp\/v2\/media?parent=67"}],"curies":[{"name":"wp","href":"https:\/\/api.w.org\/{rel}","templated":true}]}}