{"id":73,"date":"2015-03-23T10:29:35","date_gmt":"2015-03-23T10:29:35","guid":{"rendered":"https:\/\/www.campingprima.cz\/?page_id=73"},"modified":"2024-08-31T11:15:43","modified_gmt":"2024-08-31T11:15:43","slug":"aktivity","status":"publish","type":"page","link":"https:\/\/www.triocamp.cz\/en\/uvodni-stranka\/aktivity\/","title":{"rendered":"Activities"},"content":{"rendered":"<p><\/p>\n<ul>\n<li>Swimming pool 8x4m<\/li>\n<li>Trampoline<\/li>\n<li>Giant Chessboard<\/li>\n<li>Bistro \u2013 we serve tasty dinner<\/li>\n<li>Live music nights<\/li>\n<\/ul>\n<h2>Activities in Doln\u00ed Chabry<\/h2>\n<ul>\n<li>Cafes, Restaurants<\/li>\n<li>Tennis court<\/li>\n<li>Bowling<\/li>\n<li>Post office<\/li>\n<li>Supermarket (5 minutes of walk from the campsite)<\/li>\n<\/ul>\n<p>In five minutes by a car (on the highway D8) you can reach the shopping centre OC Let\u0148any with several shops with clothes, furniture, groceries and other things. There is also a cinema \u2013 Cinestar Let\u0148any \u2013 there.<\/p>\n<p>In four minutes by walk from the campsite you will get to the bus station M\u011bd\u011bneck\u00e1, from which the bus n. 162 takes you to the subway station Kobylisy on the line C. The city centre is easy to reach from this station. In total it takes only 20 min. to get to Wenceslas Square from the campsite.<\/p>\n<p>Close by a car or on a bike: Cycling road along the Vltava River, Prague Zoo and botanical garden, \u010cimick\u00fd h\u00e1j, \u010e\u00e1blick\u00fd h\u00e1j, swimming pool \u0160utka and other interesting places.<\/p>","protected":false},"excerpt":{"rendered":"<p>Swimming pool 8x4m Trampoline Giant Chessboard Bistro \u2013 we serve tasty dinner Live music nights Activities in Doln\u00ed Chabry Cafes, Restaurants Tennis court Bowling Post office Supermarket (5 minutes of walk from the campsite) In five minutes by a car (on the highway D8) you can reach the shopping centre OC Let\u0148any with several shops [&hellip;]<\/p>\n","protected":false},"author":1,"featured_media":0,"parent":7,"menu_order":3,"comment_status":"closed","ping_status":"closed","template":"","meta":[],"_links":{"self":[{"href":"https:\/\/www.triocamp.cz\/en\/wp-json\/wp\/v2\/pages\/73"}],"collection":[{"href":"https:\/\/www.triocamp.cz\/en\/wp-json\/wp\/v2\/pages"}],"about":[{"href":"https:\/\/www.triocamp.cz\/en\/wp-json\/wp\/v2\/types\/page"}],"author":[{"embeddable":true,"href":"https:\/\/www.triocamp.cz\/en\/wp-json\/wp\/v2\/users\/1"}],"replies":[{"embeddable":true,"href":"https:\/\/www.triocamp.cz\/en\/wp-json\/wp\/v2\/comments?post=73"}],"version-history":[{"count":14,"href":"https:\/\/www.triocamp.cz\/en\/wp-json\/wp\/v2\/pages\/73\/revisions"}],"predecessor-version":[{"id":1926,"href":"https:\/\/www.triocamp.cz\/en\/wp-json\/wp\/v2\/pages\/73\/revisions\/1926"}],"up":[{"embeddable":true,"href":"https:\/\/www.triocamp.cz\/en\/wp-json\/wp\/v2\/pages\/7"}],"wp:attachment":[{"href":"https:\/\/www.triocamp.cz\/en\/wp-json\/wp\/v2\/media?parent=73"}],"curies":[{"name":"wp","href":"https:\/\/api.w.org\/{rel}","templated":true}]}}